{"id":208,"date":"2022-05-12T21:57:57","date_gmt":"2022-05-12T21:57:57","guid":{"rendered":"https:\/\/www.sans-avion.net\/California-Zephyr\/?page_id=191"},"modified":"2023-04-16T14:23:26","modified_gmt":"2023-04-16T14:23:26","slug":"colorado-a-bord-du-california-zephyr","status":"publish","type":"page","link":"https:\/\/www.sans-avion.net\/California-Zephyr\/colorado-a-bord-du-california-zephyr\/","title":{"rendered":"Colorado \u00e0 bord du California Zephyr"},"content":{"rendered":"\n\n\n<h2>Colorado<\/h2><h3>notre voyage en train \u00e0 bord du California Zephyr<\/h3>\n\n\n\n\n\n<h5>D\u00e9part en gare de Denver, Colorado<\/h5>\nL&rsquo;histoire que vous allez lire se passe en 2008, aux \u00c9tats-Unis.\n\nDit comme \u00e7a, c&rsquo;est tout de suite plus prestigieux, non ? Bref. Je vais commencer par vous pr\u00e9senter mes deux co-train-trippers : Chrystel et S\u00e9bastien.\n\nChrystel est mari\u00e9e au gugusse qui r\u00e9dige ce r\u00e9cit. Depuis assez longtemps pour avoir 3 filles \u00e0 notre actif !\n<h5>La question num\u00e9ro 1<\/h5>\n<p>La premi\u00e8re question que se pose tout d\u00e9butant en mati\u00e8re de train, et \nen particulier dans notre cas, est de savoir s&rsquo;il faut prendre le train \nChicago &#8211; San Francisco ou le San Francisco &#8211; Chicago.<br><br>L&rsquo;un a \nl&rsquo;avantage, compte tenu du d\u00e9calage horaire, de rendre le trajet \u00e0 bord \ndu California Zephyr moins fatiguant. L&rsquo;autre a l&rsquo;avantage de circuler \u00e0\n de meilleurs horaires \u00ab\u00a0sc\u00e9niques\u00a0\u00bb comme disent nos amis am\u00e9ricains.<br><br>Il\n n&rsquo;\u00e9tait pas question de faire l&rsquo;aller-retour, c&rsquo;\u00e9tait trop cher et un \npeu idiot. Alors, qu&rsquo;est ce qu&rsquo;on a choisi ? Ni l&rsquo;un ni l&rsquo;autre bien s\u00fbr\n ! On est partis de Denver, Colorado, et \u00e0 destination de San Francisco,\n Californie. En fait, c&rsquo;est clairement la plus belle partie du trajet, \ncar il faut bien admettre que la travers\u00e9e monotone des grandes plaines \nam\u00e9ricaines sont assez [mettre ici un mot signifiant chiant].<br><br>Voici donc le train que nous avons emprunt\u00e9 :<\/p>\n<span style=\"color:#b26b00;\"><p><strong><span style=\"font-family: Courier;\">ITINERARY<br>============================================<br>Denver, CO (DEN) to Emeryville, CA (EMY)<br>30-APR-08; 8:05 am &#8211; 01-MAY-08; 6:10 pm<br>============================================<br>Service: 5 California Zephyr Duration: 35h 5m<br>&lt;Departs&gt;<br>Denver, CO (DEN)<br>30-APR-08; 8:05 am<br>&lt;Arrives&gt;<br>Emeryville, CA (EMY)<br>01-MAY-08; 6:10 pm<br>&lt;Seat(s)\/Room(s)&gt;<br>1 Bedroom<br>Room B &#8211; Car 532<br>Reservation Number: 080498<\/span><\/strong><\/p><\/span>\n<p>J&rsquo;en vois d\u00e9j\u00e0 qui commencent \u00e0 dire \u00ab\u00a0hey mais il se fout de nous, o\u00f9 \nest San Francisco ?\u00a0\u00bb. Excellente question ! En fait, San Francisco, \n\u00e9norme ville de Californie (la zone urbaine d\u00e9passe les 4 200 000 \nhabitants), n&rsquo;a pas de gare. Eh non ! La gare est de l&rsquo;autre c\u00f4t\u00e9 du \npont, \u00e0 Emeryville, en pleine banlieue. C&rsquo;est \u00e7a l&rsquo;Am\u00e9rique ! Pour aller\n de la gare au centre-ville, il faut prendre un bus (dont le prix n&rsquo;est \npas syst\u00e9matiquement inclus dans le billet de train, contrairement \u00e0 ce \nque j&rsquo;ai pu lire ici ou l\u00e0). Pas m\u00eame un m\u00e9tro pour rallier le \ncentre-ville, alors que pour l&rsquo;a\u00e9roport, c&rsquo;est carr\u00e9ment un train tr\u00e8s \nrapide et bien entretenu qui fait la liaison (une des lignes du BART si \non veut \u00eatre pr\u00e9cis) : le train n&rsquo;est pas un moyen de transport auquel \non pense facilement quand on est aux USA.<\/p>\n<p><br>Et maintenant, dans le prochain paragraphe, je vais mettre en exergue plusieurs param\u00e8tres qui m&rsquo;ont mis dans une situation dangereuse.<br><br>Mon\n niveau d&rsquo;anglais est plut\u00f4t suffisant pour toutes les situations \nnormales. Les am\u00e9ricains que j&rsquo;ai rencontr\u00e9 n&rsquo;avaient pas \u00ab\u00a0peur\u00a0\u00bb ou \nn&rsquo;\u00e9taient pas inquiets \u00e0 mon \u00e9gard. Il faut dire que je suis assez \n\u00ab\u00a0banal\u00a0\u00bb dans le paysage visuel am\u00e9ricain : blanc, taille et corpulence \nstandard (aux normes am\u00e9ricaines on va dire), pas de v\u00eatements ou \nd&rsquo;allure particuli\u00e8rement \u00e9tranges.<br><br>Pourquoi ce pr\u00e9ambule ? Parce que j&rsquo;ai risqu\u00e9 la mort sur le quai de la gare !<br><br>Allez, je vous raconte !<\/p>\n\n\n\n\nLes rocheuses forment un v\u00e9ritable mur.\n\nJe connais bien la France ! J&rsquo;y \u00e9tais en 1947 ! Il y a des carcasses de \nblind\u00e9s au bord des routes, et les trains sont toujours en gr\u00e8ve !\n\n\nHands up! On the ground! Now!\n\n\n\n\n<h5>Chronique d&rsquo;une mort annonc\u00e9e<\/h5>\n<p>Seb est un ami tr\u00e8s proche qui m&rsquo;a d\u00e9j\u00e0 accompagn\u00e9 \u00e0 bord du Transsib\u00e9rien.\n\nMaintenant que les pr\u00e9sentations sont faites, je vais vous raconter comment j&rsquo;ai failli me faire tuer sur le quai de la gare avant m\u00eame d&#8217;embarquer dans le California Zephyr. Mais n&rsquo;allons pas trop vite, d&rsquo;abord, je dois vous pr\u00e9senter le contexte !<\/p>\n<p>Imaginez la sc\u00e8ne. Nous arrivons \u00e0 la gare de Denver, Colorado. C&rsquo;est un b\u00e2timent tr\u00e8s typique de l&rsquo;architecture n\u00e9oclassique am\u00e9ricaine. Nous sommes en avance, c&rsquo;est un jour important : le California Z\u00e9phyr a quasiment motiv\u00e9 notre voyage aux USA !<\/p><p><br><\/p><p>On avise le quai sur lequel on va prendre le train. En anglais \u00e7a se dit \u00ab\u00a0platform\u00a0\u00bb. Pendant que Chrystel va faire un petit pipi, Seb et moi on se positionne sur le quai. On est l\u00e0, appareil photo \u00e0 la main, sac au dos en train de discuter et de faire quelques clich\u00e9s quand tout \u00e0 coup surgit la B\u00eate.<\/p><p><br><\/p><p>Enfin, la B\u00eate je devrais \u00e9crire \u00ab\u00a0le\u00a0\u00bb b\u00eate, car c&rsquo;est un homme qui se dirige vers nous. Arriv\u00e9 \u00e0 une trentaine de m\u00e8tres, il nous interpelle d&rsquo;une voix forte : <em>\u00ab\u00a0hey, you there !\u00a0\u00bb<\/em><\/p><p><br><\/p><p>On se tourne vers lui. Que veut cet agent de s\u00e9curit\u00e9 (on dirait, \u00e0 son uniforme que c&rsquo;est bien sa fonction) ? A sa d\u00e9gaine et \u00e0 sa main crisp\u00e9e sur son pistolet, on se doute qu&rsquo;il ne vient pas faire la causette. On a en face de nous un v\u00e9ritable cow-boy inquiet dont, \u00e0 la premi\u00e8re estimation, le QI est limit\u00e9 \u00e0 deux chiffres pairs.<\/p><p><br><\/p><p>Il nous ordonne de poser nos sacs \u00e0 terre, et nous crie de lever les mains, et de s&rsquo;allonger par terre sur le quai. Ah merde, on a vol\u00e9 un truc ? Je me souviens pas.<\/p><p><br><\/p><p>Seb, qui est en retrait, n&rsquo;est pas le premier vis\u00e9. J&rsquo;essaye de parlementer avec le forcen\u00e9 : <em>\u00ab\u00a0OK, calm down, please calm down\u00a0\u00bb<\/em>.<\/p><p><br><\/p><p>Visiblement, ce mec nous a pris pour des terroristes. Ce qui est parfaitement logique, non ? J&rsquo;aurais plut\u00f4t dit des touristes, mais bon, il a peut \u00eatre vu un film hier sur les attentats du WTC ou je ne sais quoi. Toujours est-il que le gars nous intime l&rsquo;ordre de rentrer dans la gare, en abandonnant nos sacs sur le quai.<\/p><p><br><\/p><p>Quand je pense qu&rsquo;en Europe, on nous interdit d&rsquo;abandonner un bagage, je suis assez amus\u00e9 de la chose (si j&rsquo;\u00e9tais un terroriste, la seule chose que j&rsquo;aurais esp\u00e9r\u00e9 est justement qu&rsquo;il me fasse laisser ma bombe sur le quai, mais passons). Le gars n&rsquo;est clairement pas d&rsquo;humeur \u00e0 discuter. Il nous raccompagne manu militari \u00e0 l&rsquo;int\u00e9rieur de la gare&#8230; Puis il devient tout souriant, et il s&rsquo;en va. Une minute avant il \u00e9tait tendu, pr\u00eat \u00e0 m&rsquo;abattre sans sommation, et puis l\u00e0 plus rien.<\/p><p><br><\/p><p>Il nous plante comme \u00e7a, au milieu de la gare, sans un mot d&rsquo;explication. J&rsquo;avise un autre officiel, qui vu les d\u00e9corations qu&rsquo;il a sur sa veste doit \u00eatre un chef, et je lui demande ce qui se passe. Il hausse les \u00e9paules et s&rsquo;en va en disant <em>\u00ab\u00a0it&rsquo;s all right\u00a0\u00bb<\/em>.<\/p><p><br><\/p><p>Doutant soudainement de ma capacit\u00e9 \u00e0 communiquer en anglais avec les \u00e9tranges personnages de la gare, je m&rsquo;approche de personnes qui attendent devant un panneau d&rsquo;affichage. Ils me comprennent parfaitement, tout comme je comprends sans probl\u00e8me leur r\u00e9ponse. Le fait \u00e9tait donc tout simple : on ne doit pas attendre le train sur le quai mais \u00e0 l&rsquo;int\u00e9rieur de la gare, et aller sur le quai une fois que le train est arriv\u00e9 seulement.<\/p><p><br><\/p><p>Conclusion : m\u00e9connaissance des usages du train aux USA (qui savait \u00e7a avant de le lire, franchement ??) + incapacit\u00e9 crasse \u00e0 communiquer de deux interlocuteurs d\u00e9positaires de l&rsquo;autorit\u00e9 = situation dangereuse.<\/p><p><br><\/p><p>Donc, quand vous prendrez le train \u00e0 Denver (je ne sais pas si \u00e7a s&rsquo;applique aux autres gares d&rsquo;ailleurs), attendez bien que le train arrive en gare pour vous pr\u00e9senter sur le quai, sinon on vous prendra pour un dangereux terroriste et on vous menacera d&rsquo;un flingue charg\u00e9, tenu f\u00e9brilement par un pauvre gars terroris\u00e9 \u00e0 l&rsquo;id\u00e9e que vous soyez un membre secret du KGB ou d&rsquo;Al-Ka\u00efda.<\/p><p><br><\/p><p>Mais une fois que vous serez face \u00e0 votre train, pr\u00eat \u00e0 monter, pr\u00e9parez bien votre billet et allez \u00e0 la bonne porte, sans \u00e7a vous ne monterez pas \u00e0 bord. Au pays de la libert\u00e9, c&rsquo;est comme en Chine et en Russie : il faut faire les choses selon la r\u00e8gle et pas autrement. Et encore, en Chine et en Russie, il y a plein d&rsquo;exceptions&#8230;<\/p><p><br><\/p><p>Cet \u00e9pisode amusant (\u00e0 posteriori, parce que sur le moment on est quand m\u00eame un brin interloqu\u00e9 de visualiser cette grande dame en robe noire \u00e0 capuche avec une faux) \u00e9tant pass\u00e9, le reste du voyage est tout simplement g\u00e9nial.<\/p>\n<p>Attendez que je vous parle du repas inclus, vous allez r\u00eaver ! (ou pas)<\/p>\n<p>Nous prenons donc place \u00e0 bord du train, d\u00e9couvrons notre compartiment, et le trajet commence enfin.<\/p>\n\n\n\n\nCalifornia Zephyr: track 1, platform A.\n\n\nPlease mind the gap between the train and the platform.\n\nCe qui ne te tue pas te rend plus fort.\n\n\n\n\n\n\n\n\n<h5>Denver &#8211; Glenwood Springs : premiers cols<\/h5>\n<p>Le visuel est particuli\u00e8rement saisissant pour quiconque prend le \ntemps de voyager en train ou en voiture dans le sens Est &#8211; Ouest.<\/p>\n<p style=\"text-align: justify;\">Denver marque la fin d&rsquo;une immense plaine qui s&rsquo;\u00e9tend \u00e0 perte de vue \nvers l&rsquo;Est. Et puis, \u00e0 peine \u00e0 quelques kilom\u00e8tres de l\u00e0 se dresse un \nmur. Je ne plaisante pas, il n&rsquo;y a pas de petites collines ou de \nprogression de la plaine \u00e0 la montagne : on passe vraiment d&rsquo;une plaine \nodieusement plate \u00e0 une barri\u00e8re rocheuse de plusieurs milliers de \nm\u00e8tres d&rsquo;altitude.<\/p>\n<p style=\"text-align: justify;\">C&rsquo;est vraiment saisissant et tr\u00e8s beau. Je n&rsquo;ai pas vu \u00e7a ailleurs pour l&rsquo;instant.<\/p><p><\/p>\n<p>Le train commence la mont\u00e9e par des grandes boucles en S. Les deux \nlocomotives ne sont pas de trop pour cette mont\u00e9e et le convoi se fait \npoussif. On avance \u00e0 une allure d&rsquo;escargot, on croise un convoi de \nplusieurs dizaines de wagons de marchandises et de citernes un peu \nrouill\u00e9es. Pour le coup, \u00e7a me rappellerait presque <a href=\"https:\/\/www.sans-avion.net\/MoscouPekin\/\">la Sib\u00e9rie<\/a> !<\/p>\n<p>Il faut dire que le paysage est \u00e0 couper le souffle : une colline \u00e0 \nla v\u00e9g\u00e9tation rase, et d&rsquo;un c\u00f4t\u00e9 une plaine immense et de l&rsquo;autre les \nRocheuses, vertigineuses.<\/p>\n<p>Le train du mythique California Zephyr est compos\u00e9 de plusieurs voitures-couchettes, une voiture \npanoramique : toit semi-vitr\u00e9 (vitres sales bien s\u00fbr, n&rsquo;esp\u00e9rez pas \nfaire de belles photos) et si\u00e8ges agr\u00e9ables dont certains sont \npivotants, une voiture-restaurant (nous sommes impatients d&rsquo;en \nprofiter), et \u00e0 l&rsquo;arri\u00e8re deux voitures simples \u00e0 si\u00e8ges standard, \nsoi-disant inclinables.<\/p>\n<p>Notre compartiment est plut\u00f4t confortable : deux couchettes superpos\u00e9es, et assez de place pour caser nos valises.<\/p>\n<p>La mauvaise surprise arrive alors que nous passons le Moffat Tunnel.<\/p>\n\n\n\n\n\n\n\n\n\n\n\n\n\n\n\n\nDes repas de remplacement vous seront servis.\n\n\n\n\n<h5>L&rsquo;influence Fran\u00e7aise aux USA <\/h5>\n<p><span style=\"font-family: Cabin; font-size: 14px; font-style: normal; font-variant-ligatures: normal; font-variant-caps: normal; font-weight: 400;\">La France est connue aux USA pour sa culture culinaire et, vous l&rsquo;avez lu plus haut,&nbsp;<\/span><span style=\"font-family: Cabin; font-size: 14px; font-style: normal; font-variant-ligatures: normal; font-variant-caps: normal; font-weight: 400;\">pour ses gr\u00e8ves incessantes.<\/span><\/p>\n<p><span\u00a0style=\"font-family: cabin;=\"\" font-size:=\"\" 14px;=\"\" font-style:=\"\" normal;=\"\" font-variant-ligatures:=\"\" font-variant-caps:=\"\" font-weight:=\"\" 400;\"=\"\">Ce n&rsquo;est h\u00e9las pas pour l&rsquo;alimentation que notre influence s&rsquo;est faite sentir au cours de notre p\u00e9riple dans les affres d&rsquo;un voyage ferroviaire trans-rocheuses, mais bien et bien pour les cons\u00e9quences d&rsquo;un mouvement social. Nous \u00e9tions partis de Denver depuis \u00e0 peine quelques minutes, qu&rsquo;une voix nasillarde crachotait du fond d&rsquo;un haut-parleur mal r\u00e9gl\u00e9 et ant\u00e9diluvien une information quasiment inaudible. Tendant l&rsquo;oreille et en s&rsquo;y mettant \u00e0 tous les trois, nous avons fini par comprendre ce qui se passait : l&rsquo;\u00e9quipe en charge du wagon restaurant \u00e9tait en gr\u00e8ve, il n&rsquo;y aurait donc pas de repas dans ledit wagon, il faudrait donc se contenter d&rsquo;un \u00ab\u00a0repas de remplacement\u00a0\u00bb.<\/span\u00a0style=\"font-family:><\/p>\n<p>Ce dernier s&rsquo;est av\u00e9r\u00e9 \u00eatre un pur produit de la grande gastronomie am\u00e9ricaine : des nuggets de poulet ou (au choix) un maigrichon petit sandwich estampill\u00e9s KFC, accompagn\u00e9s de frites (<span style=\"font-family: Cabin; font-size: 14px; font-style: normal; font-variant-ligatures: normal; font-variant-caps: normal; font-weight: 400;\">le tout bien refroidi<\/span><span style=\"font-family: Cabin; font-size: 14px; font-style: normal; font-variant-ligatures: normal; font-variant-caps: normal; font-weight: 400;\">)<\/span><span style=\"font-family: Cabin; font-size: 14px; font-weight: 400;\">, un sachet de chips,&nbsp;<\/span><span style=\"font-family: Cabin; font-size: 14px; font-style: normal; font-variant-ligatures: normal; font-variant-caps: normal; font-weight: 400;\">arros\u00e9<\/span><span style=\"font-family: Cabin; font-size: 14px; font-style: normal; font-variant-ligatures: normal; font-variant-caps: normal; font-weight: 400;\">&nbsp;d&rsquo;<\/span><span style=\"font-family: Cabin; font-size: 14px; font-weight: 400;\">une bouteille d&rsquo;eau et d&rsquo;un coca cola ti\u00e8de. Le r\u00eave !<\/span><\/p>\n<h5>Chiffres du California Zephyr<\/h5>\n<p>Mais qu&rsquo;\u00e0 cela ne tienne, c&rsquo;\u00e9tait l&rsquo;occasion de profiter de paysages splendides, et de regarder quelques chiffres de notre train.<\/p>\n<p>Vous aimez les chiffres ? En voici quelques-uns au sujet du California Z\u00e9phyr, ce train de l\u00e9gende qui traverse les Etats Unis :<\/p><p><br><\/p><p><span style=\"font-size: 14px;\">Le trajet du California Zephyr (que je vais abr\u00e9ger en CZ) dure en trois jours et deux nuits, et traverse l&rsquo;Illinois, l&rsquo;Iowa, le Nebraska, le Colorado, l&rsquo;Utah et le Nevada pour finir par la Californie, soit donc pas moins de 7 Etats !<\/span><br><br><span style=\"font-size: 14px;\">Longueur du trajet : <em>3 924 km<\/em><\/span><br><span style=\"font-size: 14px;\">Dur\u00e9e du trajet : <em>3 jours, 2 nuits (en fait, environ 50h)<\/em><\/span><br><span style=\"font-size: 14px;\">Etats travers\u00e9s : <em>7 (Illinois, Iowa, Nebraska, Colorado, Utah et le Nevada pour finir par la Californie)<\/em><\/span><br><span style=\"font-size: 14px;\">Vitesse moyenne : <em>environ 80km\/h (calcul\u00e9e sur la base de la longueur et de la dur\u00e9e)<\/em><\/span><br><span style=\"font-size: 14px;\">Fr\u00e9quence : <em>d\u00e9parts quotidiens dans les deux sens<\/em><\/span><br><span style=\"font-size: 14px;\">Prix des billets : <em>globalement, relativement cher<\/em> si vous voulez une couchette. Il existe une formule en voiture \u00ab\u00a0normale\u00a0\u00bb : de simples si\u00e8ges qui sont un peu inclinables. Pour un long trajet, je ne recommande pas du tout cette solution. Si vous pr\u00e9f\u00e9rez mal dormir, prenez un car Greyhound !<\/span><br><\/p>\n\n\n\n\n\n\n\n\n","protected":false},"excerpt":{"rendered":"","protected":false},"author":1,"featured_media":0,"parent":0,"menu_order":0,"comment_status":"closed","ping_status":"closed","template":"","meta":{"pagelayer_contact_templates":[],"_pagelayer_content":"","ocean_post_layout":"","ocean_both_sidebars_style":"","ocean_both_sidebars_content_width":0,"ocean_both_sidebars_sidebars_width":0,"ocean_sidebar":"0","ocean_second_sidebar":"0","ocean_disable_margins":"enable","ocean_add_body_class":"","ocean_shortcode_before_top_bar":"","ocean_shortcode_after_top_bar":"","ocean_shortcode_before_header":"","ocean_shortcode_after_header":"","ocean_has_shortcode":"","ocean_shortcode_after_title":"","ocean_shortcode_before_footer_widgets":"","ocean_shortcode_after_footer_widgets":"","ocean_shortcode_before_footer_bottom":"","ocean_shortcode_after_footer_bottom":"","ocean_display_top_bar":"default","ocean_display_header":"default","ocean_header_style":"","ocean_center_header_left_menu":"0","ocean_custom_header_template":"0","ocean_custom_logo":0,"ocean_custom_retina_logo":0,"ocean_custom_logo_max_width":0,"ocean_custom_logo_tablet_max_width":0,"ocean_custom_logo_mobile_max_width":0,"ocean_custom_logo_max_height":0,"ocean_custom_logo_tablet_max_height":0,"ocean_custom_logo_mobile_max_height":0,"ocean_header_custom_menu":"0","ocean_menu_typo_font_family":"0","ocean_menu_typo_font_subset":"","ocean_menu_typo_font_size":0,"ocean_menu_typo_font_size_tablet":0,"ocean_menu_typo_font_size_mobile":0,"ocean_menu_typo_font_size_unit":"px","ocean_menu_typo_font_weight":"","ocean_menu_typo_font_weight_tablet":"","ocean_menu_typo_font_weight_mobile":"","ocean_menu_typo_transform":"","ocean_menu_typo_transform_tablet":"","ocean_menu_typo_transform_mobile":"","ocean_menu_typo_line_height":0,"ocean_menu_typo_line_height_tablet":0,"ocean_menu_typo_line_height_mobile":0,"ocean_menu_typo_line_height_unit":"","ocean_menu_typo_spacing":0,"ocean_menu_typo_spacing_tablet":0,"ocean_menu_typo_spacing_mobile":0,"ocean_menu_typo_spacing_unit":"","ocean_menu_link_color":"","ocean_menu_link_color_hover":"","ocean_menu_link_color_active":"","ocean_menu_link_background":"","ocean_menu_link_hover_background":"","ocean_menu_link_active_background":"","ocean_menu_social_links_bg":"","ocean_menu_social_hover_links_bg":"","ocean_menu_social_links_color":"","ocean_menu_social_hover_links_color":"","ocean_disable_title":"default","ocean_disable_heading":"default","ocean_post_title":"","ocean_post_subheading":"","ocean_post_title_style":"","ocean_post_title_background_color":"","ocean_post_title_background":0,"ocean_post_title_bg_image_position":"","ocean_post_title_bg_image_attachment":"","ocean_post_title_bg_image_repeat":"","ocean_post_title_bg_image_size":"","ocean_post_title_height":0,"ocean_post_title_bg_overlay":0.5,"ocean_post_title_bg_overlay_color":"","ocean_disable_breadcrumbs":"default","ocean_breadcrumbs_color":"","ocean_breadcrumbs_separator_color":"","ocean_breadcrumbs_links_color":"","ocean_breadcrumbs_links_hover_color":"","ocean_display_footer_widgets":"default","ocean_display_footer_bottom":"default","ocean_custom_footer_template":"0","footnotes":""},"class_list":["post-208","page","type-page","status-publish","hentry","entry"],"_links":{"self":[{"href":"https:\/\/www.sans-avion.net\/California-Zephyr\/wp-json\/wp\/v2\/pages\/208","targetHints":{"allow":["GET"]}}],"collection":[{"href":"https:\/\/www.sans-avion.net\/California-Zephyr\/wp-json\/wp\/v2\/pages"}],"about":[{"href":"https:\/\/www.sans-avion.net\/California-Zephyr\/wp-json\/wp\/v2\/types\/page"}],"author":[{"embeddable":true,"href":"https:\/\/www.sans-avion.net\/California-Zephyr\/wp-json\/wp\/v2\/users\/1"}],"replies":[{"embeddable":true,"href":"https:\/\/www.sans-avion.net\/California-Zephyr\/wp-json\/wp\/v2\/comments?post=208"}],"version-history":[{"count":22,"href":"https:\/\/www.sans-avion.net\/California-Zephyr\/wp-json\/wp\/v2\/pages\/208\/revisions"}],"predecessor-version":[{"id":306,"href":"https:\/\/www.sans-avion.net\/California-Zephyr\/wp-json\/wp\/v2\/pages\/208\/revisions\/306"}],"wp:attachment":[{"href":"https:\/\/www.sans-avion.net\/California-Zephyr\/wp-json\/wp\/v2\/media?parent=208"}],"curies":[{"name":"wp","href":"https:\/\/api.w.org\/{rel}","templated":true}]}}