{"id":29,"date":"2022-04-08T15:51:53","date_gmt":"2022-04-08T15:51:53","guid":{"rendered":"https:\/\/www.sans-avion.net\/California-Zephyr\/home\/"},"modified":"2023-04-17T16:25:23","modified_gmt":"2023-04-17T16:25:23","slug":"home","status":"publish","type":"page","link":"https:\/\/www.sans-avion.net\/California-Zephyr\/","title":{"rendered":"traverser l&rsquo;ouest am\u00e9ricain en train"},"content":{"rendered":"\n\n\n<h6>D\u00e9couvrir notre voyage<\/h6>\n<h5>Notre voyage en train<\/h5>\n<h2>Notre voyage en train<\/h2>\n<p style=\"text-align: center\">Le California Zephyr est un train de l\u00e9gende, et nous avons eu la chance de pouvoir voyager \u00e0 bord de Denver (Colorado) \u00e0 San Francisco (Californie).<br \/> Notre voyage en train s&rsquo;est d\u00e9roul\u00e9 en 2008. Certaines donn\u00e9es ou souvenirs ont pu changer, mais les rails sont toujours au m\u00eame endroit aujourd&rsquo;hui !<\/p>\n\n\n\n\n\n\n\n\n<h5>les trois complices<\/h5>\n<h3>COMPLICES<\/h3>\n<p>Un voyage, en train ou pas, c&rsquo;est avant tout des voyageurs. Que celui qui pense le contraire vienne s&rsquo;expliquer ! Nous sommes donc partis \u00e0 trois pour ce voyage dans l&rsquo;ouest am\u00e9ricain. Notre but \u00e9tait bien entendu la visite des parcs qui sont l&rsquo;objectif principal des touristes, mais aussi et surtout, de vivre une exp\u00e9rience photographique dans les \u00c9tats mythiques de l&rsquo;ouest am\u00e9ricain : Californie, Nevada, Utah, Colorado, Nouveau Mexique, etc. Notre groupe est constitu\u00e9 de Seb, Chrystel et Oliv.\nChrystel et Oliv sont mari\u00e9s depuis l&rsquo;an 2000 et aiment les voyages, les rencontres, la d\u00e9couverte, les paysages et les d\u00e9serts et les trains.\nAutant dire que sur ce p\u00e9riple du California Zephyr, nous n&rsquo;allons pas \u00eatre loin de l&rsquo;objectif fix\u00e9 ! <\/p>\n<p>Si vous avez d\u00e9j\u00e0 lu nos autres r\u00e9cits de voyage, vous savez que l&rsquo;humour n&rsquo;est pas un vain mot avec nous. <\/p>\n<p> Le train est un point commun de nos diff\u00e9rents voyages : ce site ne s&rsquo;appelle pas \u00ab\u00a0sans avion\u00a0\u00bb pour rien.<\/p>\n<p> En 2005 nous avions d\u00e9j\u00e0 pris ensemble le Transsib\u00e9rien, de Moscou en Russie \u00e0 P\u00e9kin en Chine, via Oulan Baator en Mongolie.<\/p>\n<p>Bien s\u00fbr, le train ne va pas partout, en particulier aux USA. C&rsquo;est pourquoi nous avons \u00e9t\u00e9 oblig\u00e9s de faire quelques kilom\u00e8tres suppl\u00e9mentaires en bus, en voiture et en camping-car. <\/p>\n\n\n\n\n\n\n\n<h5>les train-trippers<\/h5>\n\n\n<h5>le fameux<\/h5>\n<h3>Seb<\/h3>\n<p>Loin d&rsquo;\u00eatre un inconnu du train et du voyage puisqu&rsquo;il a d\u00e9j\u00e0 accompagn\u00e9 Oliv jusqu&rsquo;au bout du continent, Seb est notre compagnon de p\u00e9riple dans cet opus du California Zephyr. <\/p>\n<p>Ins\u00e9parable de ses abominables lunettes de soleil qui lui donnent un perp\u00e9tuel look de surfer \/ alpiniste \/ raton laveur (au choix de l&rsquo;interpr\u00e9tation qu&rsquo;on voudra en donner), Seb est un photographe amateur \u00e9clair\u00e9. Tout comme Oliv, il peste contre les vitres mal lav\u00e9es des trains, qui emp\u00eachent de faire de belles photos (et qui, climatisation oblige, sont impossible \u00e0 ouvrir). Voyageur, explorateur, il nous d\u00e9niche toujours le point id\u00e9al pour une belle photo.<br><\/p>\n<p>Mais sans pour autant ne pas oublier de passer un temps incalculable \u00e0 faire divers r\u00e9glages&#8230; Pour au final, obtenir parfois une photo floue. <\/p>\n<p> Car la photo floue est un peu la marque de fabrique de Seb. Oh, moins qu&rsquo;avant bien s\u00fbr, mais quand m\u00eame ! Du coup, pour ce voyage, histoire de ne plus pouvoir accuser le mat\u00e9riel, Seb a investi dans un beau reflex de chez Canon, avec un objectif 55-300 et il trimbale tout un tas de mat\u00e9riel et d&rsquo;accessoires pour la photo.<\/p>\n<p> Oliv aussi d&rsquo;ailleurs, mais on y reviendra. Le challenge consiste donc \u00e0 trouver \u00e9videmment des spots photos \u00e9patants, mais aussi de prendre en photo les ind\u00e9nombrables panneaux d&rsquo;interdiction qu&rsquo;on croise aux Etats Unis : ce pays est le sp\u00e9cialiste du panneau \u00ab\u00a0No\u00a0\u00bb .<\/p>\n<p>Le niveau d&rsquo;anglais de Seb n&rsquo;est pas un probl\u00e8me. Par contre, comme tant de Fran\u00e7ais, il n&rsquo;ose pas parler. Du coup, on se retrouve r\u00e9guli\u00e8rement dans des situations assez amusantes&#8230; On en reparlera !<\/p>\n\n\n\n\n\n\n\n\n\n\n<h6>UN VOYAGE incroyable dans l&rsquo;ouest am\u00e9ricain<br><\/h6>\n<h5>COLORADO<\/h5>\n<h2>Colorado<\/h2>\n<p style=\"text-align: center\">Un voyage en train, c&rsquo;est bien s\u00fbr une gare de d\u00e9part et une gare d&rsquo;arriv\u00e9e ! Le California Zephyr part de bien plus loin dans le Nord Ouest, mais nous avons choisi de ne le prendre que pour la partie la plus int\u00e9ressante du trajet : la travers\u00e9e des Rocheuses, du d\u00e9sert, et de la Sierra Nevada.<br><\/p>\n\n\n<p> On a beau \u00eatre en 2008, dans le pays high-tech par excellence, c&rsquo;est un simple panneau d&rsquo;affichage fixe, \u00e0 l&rsquo;ancienne avec ses horaires coll\u00e9s, qui fait office d&rsquo;informations pour le California Zephyr en gare de Denver, au Colorado. <\/p>\n<p>Il faut dire que cette gare nous r\u00e9serve d&rsquo;autres surprises, mais ce sera pour la partie r\u00e9cit de ce site !<br><\/p>\n<p>Le train que nous allons prendre arrive de Chicago et a travers\u00e9 les grandes plaines. C&rsquo;est maintenant, \u00e0 partir du Colorado, qu&rsquo;il va commencer sa progression dans la partie \u00ab\u00a0noble\u00a0\u00bb du trajet : les Rocheuses, le d\u00e9sert, puis la Sierra Nevada, pour rejoindre la Californie.<br><\/p>\n<p>Nous prendrons le train n\u00b05, qui part de la voie n\u00b01 (track 1 en anglais), \u00e0 08h05.<br><\/p>\n<p>Cette visite \u00e0 la gare Union Station de Denver nous a permis de remarquer que bien peu de trains circulent encore, et que la plupart des services offerts (comprendre : propos\u00e9s moyennant finance) sont en fait des trajets en autocar. <\/p>\n\n\n\n\n\n\n\n\n\n\n\n<h6>Le voyage en california zephyr<br><\/h6>\n<h5>Notre voyage en r\u00e9sum\u00e9<\/h5>\n<h2>notre voyage en r\u00e9sum\u00e9<\/h2>\n<p style=\"text-align: center\">Voici un petit r\u00e9sum\u00e9 rapide de notre voyage en train \u00e0 bord du California Zephyr, dans l&rsquo;ouest am\u00e9ricain. <br \/>Trois voyageurs, trois amis, trois semaines : voil\u00e0 qui pourrait d\u00e9crire rapidement notre projet.<br \/> Nous sommes partis faire ce train-trip au printemps 2008.<\/p>\n\n\n\n\n\n\n<h5>Colorado<\/h5>\n<h3>Colorado<\/h3>\n<p> Le Colorado, c&rsquo;est la limite entre les \u00e9tats \u00ab\u00a0plats\u00a0\u00bb du midwest connus pour leur agriculture c\u00e9r\u00e9ali\u00e8re, et les Rocheuses, cha\u00eene de montagnes d\u00e9mesur\u00e9e, aux sommets aussi hauts que dangereux. C&rsquo;est pourtant dans cette direction que nous partons \u00e0 bord du train ! <\/p>\n\n\n\n\n\n<h5>Utah<\/h5>\n<h3>utah<\/h3>\n<p>Apr\u00e8s avoir travers\u00e9 les Rocheuses, le California Zephyr arrive dans l&rsquo;Utah. Un arr\u00eat a lieu \u00e0 Salt Lake City.<br><\/p>\n\n\n\n\n\n\n\n\n\n\n\n\n\n<h5>Nevada<\/h5>\n<h3>Nevada<\/h3>\n<p>Tout le monde a d\u00e9j\u00e0 entendu parler du Nevada, que \u00e7a soit pour son \u00e9trange Zone 51, ou bien plus facilement au sujet de Las Vegas, capitale des jeux de casino.<\/p>\n<p>On sait moins souvent qu&rsquo;il y a un arr\u00eat du California Zephyr dans cet \u00c9tat de l&rsquo;ouest am\u00e9ricain, \u00e0 Reno, la tristement c\u00e9l\u00e8bre capitale des divorces.<br><\/p>\n\n\n\n\n\n<h5>Californie<\/h5>\n<h3>Californie<\/h3>\n<p> La ligne du California Zephyr est connue pour la diversit\u00e9 des paysages qu&rsquo;elle traverse : la Sierra Nevada est \u00e9patante.<\/p>\n<p>Apr\u00e8s avoir quitt\u00e9 le Nevada et son d\u00e9sert, la train parcourt la Sierra Nevada puis redescend jusqu&rsquo;\u00e0 la baie de San Francisco. <\/p>\n\n\n\n\n\n\n\n\n\n\n\n<h6>La fine \u00e9quipe<\/h6>\n<h5>Voyageurs explorateurs<\/h2>\n<h2>Voyageurs explorateurs<\/h2>\n<p style=\"text-align: center\">L&rsquo;important dans un voyage, selon nous, n&rsquo;est pas la destination, mais le trajet en tant que tel. Et pour cela, le choix des co-voyageurs est critique. Soyons francs : qui voudrait passer trois semaines aux \u00c9tats Unis avec des gens qu&rsquo;ils n&rsquo;appr\u00e9cie pas ?<\/p>\n\n\n<h5>SEB<br><\/h5>\n<p>L&rsquo;homme aux lunettes, toujours en qu\u00eate du spot photo ultime. Grand voyageur, solitaire accompagn\u00e9, il brille par sa capacit\u00e9 \u00e0 optimiser le budget.<br><br><\/p>\n\n\n\n\n\n<h5>CHRYSTEL<\/h5>\n<p>La belle pr\u00e9sence f\u00e9minine de ce voyage, elle n&rsquo;oublie pas son tour pour d\u00e9cider de ce qui va se faire et des choses \u00e0 voir ou \u00e0 ne pas voir. Elle aime les beaux paysages et les surprises.<br><\/p>\n\n\n<h5>OLIV<\/h5>\n<p>Votre humble serviteur, r\u00e9dacteur de ces quelques lignes de r\u00e9cit de voyage. Grand joueur, voyageur, amateur de paysages et de d\u00e9serts, et bien s\u00fbr grand explorateur.<\/p>\n\n\n\n\n\n<h5>JEFF<\/h5>\n<p>Non, ce monsieur ne fait pas partie de notre groupe. En fait, on ne l&rsquo;a rencontr\u00e9 que lors de notre p\u00e9riple en train \u00e0 vapeur, mais il \u00e9tait tellement incroyable qu&rsquo;il m\u00e9ritait sa place ici !<br><\/p>\n\n\n\n\n\n\n<h5>Rencontres \u00e9patantes<\/h5>\n<h2>Rencontres \u00e9patantes<\/h2>\n<p style=\"text-align: center\">On va les retrouver au cours du r\u00e9cit de notre voyage \u00e0 bord du California Zephyr.<br>Mais ces gens nos ont interpel\u00e9s, nous ont \u00e9tonn\u00e9, nous ont \u00e9pat\u00e9s.<br>Voici quelques exemples de personnes qui ont illumin\u00e9 notre voyage aux \u00c9tats Unis, dans l&rsquo;ouest am\u00e9ricain. Il y en a eu bien s\u00fbr tellement d&rsquo;autres, que \u00e7a soit \u00e0 bord du train ou lors de nos escales !<br><\/p>\n<p style=\"font-size: 14px\">A Denver, capitale du <a href=\"Colorado\">Colorado<\/a>, nous avons pris le bus et nous remercions un chauffeur qui nous a vraiment aid\u00e9s \u00e0 trouver la Casa Bonita !<br><\/p>\n<p style=\"font-size: 14px\">Un policier tr\u00e8s sympathique \u00e0 San Francisco, tout pr\u00e8s du quai o\u00f9 on prend le bateau pour aller \u00e0 Alcatraz.<br><\/p>\n<p style=\"font-size: 14px\">Les am\u00e9ricains n&rsquo;ont pas peur des contradictions : sur une plage, un p\u00eacheur se pr\u00e9pare devant un beau panneau d&rsquo;interdiction.<br><\/p>\n<p style=\"font-size: 14px\">Un accueil tr\u00e8s chaleureux et cordial dans un camping de Glenwood Springs, au Colorado.<br><\/p>\n\n\n","protected":false},"excerpt":{"rendered":"","protected":false},"author":0,"featured_media":0,"parent":0,"menu_order":0,"comment_status":"closed","ping_status":"closed","template":"","meta":{"pagelayer_contact_templates":[],"_pagelayer_content":"","ocean_post_layout":"","ocean_both_sidebars_style":"","ocean_both_sidebars_content_width":0,"ocean_both_sidebars_sidebars_width":0,"ocean_sidebar":"","ocean_second_sidebar":"","ocean_disable_margins":"enable","ocean_add_body_class":"","ocean_shortcode_before_top_bar":"","ocean_shortcode_after_top_bar":"","ocean_shortcode_before_header":"","ocean_shortcode_after_header":"","ocean_has_shortcode":"","ocean_shortcode_after_title":"","ocean_shortcode_before_footer_widgets":"","ocean_shortcode_after_footer_widgets":"","ocean_shortcode_before_footer_bottom":"","ocean_shortcode_after_footer_bottom":"","ocean_display_top_bar":"default","ocean_display_header":"default","ocean_header_style":"","ocean_center_header_left_menu":"","ocean_custom_header_template":"","ocean_custom_logo":0,"ocean_custom_retina_logo":0,"ocean_custom_logo_max_width":0,"ocean_custom_logo_tablet_max_width":0,"ocean_custom_logo_mobile_max_width":0,"ocean_custom_logo_max_height":0,"ocean_custom_logo_tablet_max_height":0,"ocean_custom_logo_mobile_max_height":0,"ocean_header_custom_menu":"","ocean_menu_typo_font_family":"","ocean_menu_typo_font_subset":"","ocean_menu_typo_font_size":0,"ocean_menu_typo_font_size_tablet":0,"ocean_menu_typo_font_size_mobile":0,"ocean_menu_typo_font_size_unit":"px","ocean_menu_typo_font_weight":"","ocean_menu_typo_font_weight_tablet":"","ocean_menu_typo_font_weight_mobile":"","ocean_menu_typo_transform":"","ocean_menu_typo_transform_tablet":"","ocean_menu_typo_transform_mobile":"","ocean_menu_typo_line_height":0,"ocean_menu_typo_line_height_tablet":0,"ocean_menu_typo_line_height_mobile":0,"ocean_menu_typo_line_height_unit":"","ocean_menu_typo_spacing":0,"ocean_menu_typo_spacing_tablet":0,"ocean_menu_typo_spacing_mobile":0,"ocean_menu_typo_spacing_unit":"","ocean_menu_link_color":"","ocean_menu_link_color_hover":"","ocean_menu_link_color_active":"","ocean_menu_link_background":"","ocean_menu_link_hover_background":"","ocean_menu_link_active_background":"","ocean_menu_social_links_bg":"","ocean_menu_social_hover_links_bg":"","ocean_menu_social_links_color":"","ocean_menu_social_hover_links_color":"","ocean_disable_title":"default","ocean_disable_heading":"default","ocean_post_title":"","ocean_post_subheading":"","ocean_post_title_style":"","ocean_post_title_background_color":"","ocean_post_title_background":0,"ocean_post_title_bg_image_position":"","ocean_post_title_bg_image_attachment":"","ocean_post_title_bg_image_repeat":"","ocean_post_title_bg_image_size":"","ocean_post_title_height":0,"ocean_post_title_bg_overlay":0.5,"ocean_post_title_bg_overlay_color":"","ocean_disable_breadcrumbs":"default","ocean_breadcrumbs_color":"","ocean_breadcrumbs_separator_color":"","ocean_breadcrumbs_links_color":"","ocean_breadcrumbs_links_hover_color":"","ocean_display_footer_widgets":"default","ocean_display_footer_bottom":"default","ocean_custom_footer_template":"","footnotes":""},"class_list":["post-29","page","type-page","status-publish","hentry","entry"],"_links":{"self":[{"href":"https:\/\/www.sans-avion.net\/California-Zephyr\/wp-json\/wp\/v2\/pages\/29","targetHints":{"allow":["GET"]}}],"collection":[{"href":"https:\/\/www.sans-avion.net\/California-Zephyr\/wp-json\/wp\/v2\/pages"}],"about":[{"href":"https:\/\/www.sans-avion.net\/California-Zephyr\/wp-json\/wp\/v2\/types\/page"}],"replies":[{"embeddable":true,"href":"https:\/\/www.sans-avion.net\/California-Zephyr\/wp-json\/wp\/v2\/comments?post=29"}],"version-history":[{"count":48,"href":"https:\/\/www.sans-avion.net\/California-Zephyr\/wp-json\/wp\/v2\/pages\/29\/revisions"}],"predecessor-version":[{"id":335,"href":"https:\/\/www.sans-avion.net\/California-Zephyr\/wp-json\/wp\/v2\/pages\/29\/revisions\/335"}],"wp:attachment":[{"href":"https:\/\/www.sans-avion.net\/California-Zephyr\/wp-json\/wp\/v2\/media?parent=29"}],"curies":[{"name":"wp","href":"https:\/\/api.w.org\/{rel}","templated":true}]}}